{"id":158,"date":"2020-07-06T22:27:06","date_gmt":"2020-07-07T01:27:06","guid":{"rendered":"http:\/\/localhost:8888\/PROJETO-LOJA\/?post_type=product&#038;p=158"},"modified":"2020-07-06T22:27:30","modified_gmt":"2020-07-07T01:27:30","slug":"tenis-nike-revolution-5-feminino-preto-e-branco-10","status":"publish","type":"product","link":"https:\/\/grandearea.net.br\/projeto_loja\/produto\/tenis-nike-revolution-5-feminino-preto-e-branco-10\/","title":{"rendered":"T\u00eanis Nike Revolution 5 Feminino &#8211; Preto e Branco"},"content":{"rendered":"<p>Para a mulher que curte correr em grande estilo, aposte no T\u00eanis Nike Revolution 5! Confeccionado em material leve e sem costura, permitindo maior conforto, sem atritos na hora da corrida. Conta com refor\u00e7o no calcanhar para prote\u00e7\u00e3o contra poss\u00edveis tor\u00e7\u00f5es, fechamento din\u00e2mico, com mais ilh\u00f3s para ajuste personalizado e borracha em ponto estrat\u00e9gicos no solado, para reduzir o desgaste durante a corrida. Esse t\u00eanis feminino foi desenvolvido para a mulher que busca conforto enquanto desafia seus limites na velocidade, n\u00e3o perca essa oportunidade aqui na Netshoes!<\/p>\n<p><strong>Nome<\/strong>: T\u00eanis Nike Revolution 5 Feminino<\/p>\n<p><strong>G\u00eanero<\/strong>: Feminino<\/p>\n<p><strong>Indicado<\/strong> <strong>para<\/strong>: Corrida<\/p>\n<p><strong>Material<\/strong>: T\u00eaxtil<\/p>\n<p><strong>Categoria<\/strong>: Amortecimento<\/p>\n<p><strong>Composi\u00e7\u00e3o<\/strong>: Cabedal: Material t\u00eaxtil com tramas abertas com ilh\u00f3s para ajuste personalizado, forro acolchoado, sem costuras e refor\u00e7o no calcanhar para maior suporte. Entressola: EVA em Phylon com paredes texturizadas para ajudar a reduzir o peso e ocultar vincos. Solado: Borracha.<\/p>\n<p><strong>Tecnologia<\/strong>: Phylon<\/p>\n<p><strong>Pisada<\/strong>: Neutra<\/p>\n<p><strong>Defini\u00e7\u00e3o da Tecnologia<\/strong>: Espuma comprimida que oferece amortecimento leve.<\/p>\n<p><strong>Garantia do Fabricante<\/strong>: Contra Defeito de Fabrica\u00e7\u00e3o<\/p>\n<p><strong>Origem<\/strong>: Estrangeira &#8211; Adquirida no mercado interno<\/p>\n<p><strong>Marca<\/strong>: Nike<\/p>\n","protected":false},"excerpt":{"rendered":"<p>Para a mulher que curte correr em grande estilo, aposte no T\u00eanis Nike Revolution 5! Confeccionado em material leve e sem costura, permitindo maior conforto, sem atritos na hora da corrida.<\/p>\n","protected":false},"featured_media":96,"comment_status":"open","ping_status":"closed","template":"","meta":{"ocean_post_layout":"","ocean_both_sidebars_style":"","ocean_both_sidebars_content_width":0,"ocean_both_sidebars_sidebars_width":0,"ocean_sidebar":"0","ocean_second_sidebar":"0","ocean_disable_margins":"enable","ocean_add_body_class":"","ocean_shortcode_before_top_bar":"","ocean_shortcode_after_top_bar":"","ocean_shortcode_before_header":"","ocean_shortcode_after_header":"","ocean_has_shortcode":"","ocean_shortcode_after_title":"","ocean_shortcode_before_footer_widgets":"","ocean_shortcode_after_footer_widgets":"","ocean_shortcode_before_footer_bottom":"","ocean_shortcode_after_footer_bottom":"","ocean_display_top_bar":"default","ocean_display_header":"default","ocean_header_style":"","ocean_center_header_left_menu":"0","ocean_custom_header_template":"0","ocean_custom_logo":0,"ocean_custom_retina_logo":0,"ocean_custom_logo_max_width":0,"ocean_custom_logo_tablet_max_width":0,"ocean_custom_logo_mobile_max_width":0,"ocean_custom_logo_max_height":0,"ocean_custom_logo_tablet_max_height":0,"ocean_custom_logo_mobile_max_height":0,"ocean_header_custom_menu":"0","ocean_menu_typo_font_family":"0","ocean_menu_typo_font_subset":"","ocean_menu_typo_font_size":0,"ocean_menu_typo_font_size_tablet":0,"ocean_menu_typo_font_size_mobile":0,"ocean_menu_typo_font_size_unit":"px","ocean_menu_typo_font_weight":"","ocean_menu_typo_font_weight_tablet":"","ocean_menu_typo_font_weight_mobile":"","ocean_menu_typo_transform":"","ocean_menu_typo_transform_tablet":"","ocean_menu_typo_transform_mobile":"","ocean_menu_typo_line_height":0,"ocean_menu_typo_line_height_tablet":0,"ocean_menu_typo_line_height_mobile":0,"ocean_menu_typo_line_height_unit":"","ocean_menu_typo_spacing":0,"ocean_menu_typo_spacing_tablet":0,"ocean_menu_typo_spacing_mobile":0,"ocean_menu_typo_spacing_unit":"","ocean_menu_link_color":"","ocean_menu_link_color_hover":"","ocean_menu_link_color_active":"","ocean_menu_link_background":"","ocean_menu_link_hover_background":"","ocean_menu_link_active_background":"","ocean_menu_social_links_bg":"","ocean_menu_social_hover_links_bg":"","ocean_menu_social_links_color":"","ocean_menu_social_hover_links_color":"","ocean_disable_title":"default","ocean_disable_heading":"default","ocean_post_title":"T\u00caNIS PARA CORRIDA","ocean_post_subheading":"","ocean_post_title_style":"","ocean_post_title_background_color":"","ocean_post_title_background":0,"ocean_post_title_bg_image_position":"","ocean_post_title_bg_image_attachment":"","ocean_post_title_bg_image_repeat":"","ocean_post_title_bg_image_size":"","ocean_post_title_height":0,"ocean_post_title_bg_overlay":0.5,"ocean_post_title_bg_overlay_color":"","ocean_disable_breadcrumbs":"default","ocean_breadcrumbs_color":"","ocean_breadcrumbs_separator_color":"","ocean_breadcrumbs_links_color":"","ocean_breadcrumbs_links_hover_color":"","ocean_display_footer_widgets":"default","ocean_display_footer_bottom":"default","ocean_custom_footer_template":"0"},"product_brand":[],"product_cat":[18],"product_tag":[],"class_list":{"0":"post-158","1":"product","2":"type-product","3":"status-publish","4":"has-post-thumbnail","6":"product_cat-para-corrida","8":"entry","9":"has-media","11":"first","12":"instock","13":"featured","14":"shipping-taxable","15":"purchasable","16":"product-type-variable","17":"has-product-nav","18":"col","19":"span_1_of_3","20":"owp-content-center","21":"owp-thumbs-layout-horizontal","22":"owp-btn-normal","23":"owp-tabs-layout-horizontal"},"_links":{"self":[{"href":"https:\/\/grandearea.net.br\/projeto_loja\/wp-json\/wp\/v2\/product\/158","targetHints":{"allow":["GET"]}}],"collection":[{"href":"https:\/\/grandearea.net.br\/projeto_loja\/wp-json\/wp\/v2\/product"}],"about":[{"href":"https:\/\/grandearea.net.br\/projeto_loja\/wp-json\/wp\/v2\/types\/product"}],"replies":[{"embeddable":true,"href":"https:\/\/grandearea.net.br\/projeto_loja\/wp-json\/wp\/v2\/comments?post=158"}],"wp:featuredmedia":[{"embeddable":true,"href":"https:\/\/grandearea.net.br\/projeto_loja\/wp-json\/wp\/v2\/media\/96"}],"wp:attachment":[{"href":"https:\/\/grandearea.net.br\/projeto_loja\/wp-json\/wp\/v2\/media?parent=158"}],"wp:term":[{"taxonomy":"product_brand","embeddable":true,"href":"https:\/\/grandearea.net.br\/projeto_loja\/wp-json\/wp\/v2\/product_brand?post=158"},{"taxonomy":"product_cat","embeddable":true,"href":"https:\/\/grandearea.net.br\/projeto_loja\/wp-json\/wp\/v2\/product_cat?post=158"},{"taxonomy":"product_tag","embeddable":true,"href":"https:\/\/grandearea.net.br\/projeto_loja\/wp-json\/wp\/v2\/product_tag?post=158"}],"curies":[{"name":"wp","href":"https:\/\/api.w.org\/{rel}","templated":true}]}}